{"id":1603,"date":"2025-06-08T12:46:36","date_gmt":"2025-06-08T10:46:36","guid":{"rendered":"https:\/\/www.ampateclasala.cat\/?page_id=1603"},"modified":"2025-06-09T12:09:43","modified_gmt":"2025-06-09T10:09:43","slug":"collabora","status":"publish","type":"page","link":"https:\/\/www.ampateclasala.cat\/index.php\/collabora\/","title":{"rendered":"Col\u00b7labora"},"content":{"rendered":"\n<p>Les accions de l\u2019AFA es duen a terme gr\u00e0cies a la <strong>participaci\u00f3 volunt\u00e0ria de mares i pares<\/strong>.<\/p>\n\n\n\n<figure class=\"wp-block-image size-full\" style=\"margin-right:0;margin-left:0\"><a href=\"https:\/\/www.ampateclasala.cat\/wp-content\/uploads\/2025\/02\/hands-2706109_640.jpg\"><img loading=\"lazy\" decoding=\"async\" width=\"640\" height=\"426\" src=\"https:\/\/www.ampateclasala.cat\/wp-content\/uploads\/2025\/02\/hands-2706109_640.jpg\" alt=\"Mans sobreposades tacades de pintura\" class=\"wp-image-1604\" srcset=\"https:\/\/www.ampateclasala.cat\/wp-content\/uploads\/2025\/02\/hands-2706109_640.jpg 640w, https:\/\/www.ampateclasala.cat\/wp-content\/uploads\/2025\/02\/hands-2706109_640-300x200.jpg 300w\" sizes=\"auto, (max-width: 640px) 100vw, 640px\" \/><\/a><figcaption class=\"wp-element-caption\">Imatge de <a href=\"https:\/\/pixabay.com\/es\/users\/raynabauman-6337250\/?utm_source=link-attribution&amp;utm_medium=referral&amp;utm_campaign=image&amp;utm_content=2706109\">Rayna Bauman<\/a> a <a href=\"https:\/\/pixabay.com\/es\/\/?utm_source=link-attribution&amp;utm_medium=referral&amp;utm_campaign=image&amp;utm_content=2706109\">Pixabay<\/a><\/figcaption><\/figure>\n\n\n\n<p style=\"border-style:none;border-width:0px;padding-top:0;padding-bottom:0\">Si vols que els\/les alumnes gaudeixin de les festes tradicionals a l&#8217;escola, que tinguin m\u00e9s facilitats per accedir a activitats esportives o culturals, o que millori la qualitat de la seva educaci\u00f3, pots col\u00b7laborar de moltes maneres:<\/p>\n\n\n\n<ul class=\"wp-block-list\">\n<li style=\"padding-top:var(--wp--preset--spacing--20);padding-right:var(--wp--preset--spacing--20);padding-bottom:var(--wp--preset--spacing--20);padding-left:var(--wp--preset--spacing--20)\">Fent una aportaci\u00f3 econ\u00f2mica anual, \u00fanica per cada fam\u00edlia, per finan\u00e7ar part de les <a href=\"https:\/\/www.ampateclasala.cat\/index.php\/activitats\/\" data-type=\"page\" data-id=\"1606\">activitats que es realitzen<\/a>, aix\u00ed com millores en les instal\u00b7lacions del centre educatiu.<\/li>\n\n\n\n<li style=\"padding-top:var(--wp--preset--spacing--20);padding-right:var(--wp--preset--spacing--20);padding-bottom:var(--wp--preset--spacing--20);padding-left:var(--wp--preset--spacing--20)\">Donant un cop de m\u00e0 en esdeveniments puntuals, com podrien ser la castanyada, el Nadal, el Carnestoltes, les festes de maig&#8230;<\/li>\n\n\n\n<li style=\"padding-top:var(--wp--preset--spacing--20);padding-right:var(--wp--preset--spacing--20);padding-bottom:var(--wp--preset--spacing--20);padding-left:var(--wp--preset--spacing--20)\">Formant part d&#8217;alguna de les <a href=\"https:\/\/www.ampateclasala.cat\/index.php\/ampa\/com-sorganitza__trashed\/comissions\/\" data-type=\"page\" data-id=\"69\">comissions de l&#8217;AFA<\/a> per facilitar l&#8217;organitzaci\u00f3 de les accions que es duen a terme.<\/li>\n\n\n\n<li style=\"padding-top:var(--wp--preset--spacing--20);padding-right:var(--wp--preset--spacing--20);padding-bottom:var(--wp--preset--spacing--20);padding-left:var(--wp--preset--spacing--20)\">De qualsevol altra manera que ajudi a millorar qualsevol dels \u00e0mbits de la vida educativa de l&#8217;alumnat.<\/li>\n<\/ul>\n\n\n\n<div class=\"wp-block-buttons is-layout-flex wp-block-buttons-is-layout-flex\">\n<div class=\"wp-block-button\"><a class=\"wp-block-button__link wp-element-button\" href=\"https:\/\/www.ampateclasala.cat\/index.php\/ampa\/collabora\/\">Uneix-t&#8217;hi<\/a><\/div>\n<\/div>\n\n\n\n<p><\/p>\n","protected":false},"excerpt":{"rendered":"<p>Les accions de l\u2019AFA es duen a terme gr\u00e0cies a la participaci\u00f3 volunt\u00e0ria de mares i pares. Si vols que els\/les alumnes gaudeixin de les festes tradicionals a l&#8217;escola, que tinguin m\u00e9s facilitats per accedir a activitats esportives o culturals,<\/p>\n","protected":false},"author":1,"featured_media":0,"parent":0,"menu_order":0,"comment_status":"closed","ping_status":"closed","template":"","meta":{"jetpack_post_was_ever_published":false,"footnotes":""},"class_list":["post-1603","page","type-page","status-publish","hentry"],"jetpack_sharing_enabled":true,"jetpack_shortlink":"https:\/\/wp.me\/P7VfUe-pR","_links":{"self":[{"href":"https:\/\/www.ampateclasala.cat\/index.php\/wp-json\/wp\/v2\/pages\/1603","targetHints":{"allow":["GET"]}}],"collection":[{"href":"https:\/\/www.ampateclasala.cat\/index.php\/wp-json\/wp\/v2\/pages"}],"about":[{"href":"https:\/\/www.ampateclasala.cat\/index.php\/wp-json\/wp\/v2\/types\/page"}],"author":[{"embeddable":true,"href":"https:\/\/www.ampateclasala.cat\/index.php\/wp-json\/wp\/v2\/users\/1"}],"replies":[{"embeddable":true,"href":"https:\/\/www.ampateclasala.cat\/index.php\/wp-json\/wp\/v2\/comments?post=1603"}],"version-history":[{"count":6,"href":"https:\/\/www.ampateclasala.cat\/index.php\/wp-json\/wp\/v2\/pages\/1603\/revisions"}],"predecessor-version":[{"id":1687,"href":"https:\/\/www.ampateclasala.cat\/index.php\/wp-json\/wp\/v2\/pages\/1603\/revisions\/1687"}],"wp:attachment":[{"href":"https:\/\/www.ampateclasala.cat\/index.php\/wp-json\/wp\/v2\/media?parent=1603"}],"curies":[{"name":"wp","href":"https:\/\/api.w.org\/{rel}","templated":true}]}}