{"id":1606,"date":"2025-06-09T12:08:55","date_gmt":"2025-06-09T10:08:55","guid":{"rendered":"https:\/\/www.ampateclasala.cat\/?page_id=1606"},"modified":"2025-06-15T11:20:43","modified_gmt":"2025-06-15T09:20:43","slug":"activitats","status":"publish","type":"page","link":"https:\/\/www.ampateclasala.cat\/index.php\/que-fem\/activitats\/","title":{"rendered":"Activitats"},"content":{"rendered":"\n<p>L&#8217;AFA organitza i financia diverses activitats.<\/p>\n\n\n\n<p class=\"has-medium-font-size\"><strong>Festes tradicionals<\/strong><\/p>\n\n\n\n<figure class=\"wp-block-image size-full is-resized\"><a href=\"https:\/\/www.ampateclasala.cat\/wp-content\/uploads\/2016\/03\/Cagatio.jpg\"><img loading=\"lazy\" decoding=\"async\" width=\"614\" height=\"800\" src=\"https:\/\/www.ampateclasala.cat\/wp-content\/uploads\/2016\/03\/Cagatio.jpg\" alt=\"\" class=\"wp-image-260\" style=\"width:auto;height:200px\" srcset=\"https:\/\/www.ampateclasala.cat\/wp-content\/uploads\/2016\/03\/Cagatio.jpg 614w, https:\/\/www.ampateclasala.cat\/wp-content\/uploads\/2016\/03\/Cagatio-230x300.jpg 230w\" sizes=\"auto, (max-width: 614px) 100vw, 614px\" \/><\/a><\/figure>\n\n\n\n<p>Donem suport a les festes tradicionals que se celebren durant l&#8217;any:<\/p>\n\n\n\n<ul class=\"wp-block-list\">\n<li><strong>Castanyada<\/strong>: comprem i repartim castanyes, i impulsem activitats de lleure relacionades (espectacles d&#8217;animaci\u00f3, jocs tradicionals, etc.).<\/li>\n\n\n\n<li><strong>Nadal<\/strong>: fem que el ti\u00f3 cagui joguines did\u00e0ctiques, que el carter reial de l&#8217;AFA i el seu patge recullin les cartes i dibuixos dels nens i nenes&#8230;<\/li>\n\n\n\n<li><strong>Carnestoltes<\/strong>: col\u00b7laborem amb les activitats que realitza l&#8217;escola (acompanyem en el cercavila, etc.), subvencionem la xocolatada&#8230;<\/li>\n\n\n\n<li><strong>Sant Jordi<\/strong>: participem en l&#8217;organitzaci\u00f3 dels jocs florals i les activitats relacionades (lliurament de premis literaris, etc.).<\/li>\n<\/ul>\n\n\n\n<div style=\"clear:both\"\/>\n\n\n\n<p class=\"has-medium-font-size\"><strong>Festes pr\u00f2pies a l&#8217;escola<\/strong><\/p>\n\n\n\n<figure class=\"wp-block-image size-full is-resized\"><a href=\"https:\/\/www.ampateclasala.cat\/wp-content\/uploads\/2025\/06\/Captura-de-pantalla-2025-06-15-104544.png\"><img loading=\"lazy\" decoding=\"async\" width=\"198\" height=\"250\" src=\"https:\/\/www.ampateclasala.cat\/wp-content\/uploads\/2025\/06\/Captura-de-pantalla-2025-06-15-104544.png\" alt=\"\" class=\"wp-image-1706\" style=\"width:auto;height:200px\"\/><\/a><\/figure>\n\n\n\n<p>Impulsem la relaci\u00f3 entre fam\u00edlies, qu\u00e8 repercuteix en un millor ambient educatiu, m\u00e9s inclusiu i solidari:<\/p>\n\n\n\n<ul class=\"wp-block-list\">\n<li><strong>Festes de maig<\/strong>: fem aportacions per tal que els fills i filles de les fam\u00edlies associades puguin gaudir al m\u00e0xim de les activitats i sortides que organitza l&#8217;escola (xocolatada, grups d&#8217;animaci\u00f3, cinema&#8230;).<\/li>\n\n\n\n<li><strong>Festa de graduaci\u00f3 de batxillerat<\/strong>: subvencionem una part de la festa de graduaci\u00f3 i col\u00b7laborem en la seva organitzaci\u00f3.<\/li>\n\n\n\n<li><strong>Festa de cloenda<\/strong>: organitzem la festa de final de curs, amb activitats per a petits i grans (inflables, classes dirigides, servei de bar, etc.) i la tradicional paellada popular.<\/li>\n<\/ul>\n\n\n\n<div style=\"clear:both\"\/>\n\n\n\n<p class=\"has-medium-font-size\"><strong>Esports<\/strong><\/p>\n\n\n\n<figure class=\"wp-block-image size-full is-resized\"><a href=\"https:\/\/www.ampateclasala.cat\/wp-content\/uploads\/2025\/06\/child-4038861_640.jpg\"><img loading=\"lazy\" decoding=\"async\" width=\"196\" height=\"250\" src=\"https:\/\/www.ampateclasala.cat\/wp-content\/uploads\/2025\/06\/child-4038861_640.jpg\" alt=\"\" class=\"wp-image-1675\" style=\"width:auto;height:200px\"\/><\/a><\/figure>\n\n\n\n<p>Fomentem els h\u00e0bits saludables mitjan\u00e7ant:<\/p>\n\n\n\n<ul class=\"wp-block-list\">\n<li>L&#8217;organitzaci\u00f3 d&#8217;activitats esportives &#8220;extraescolars&#8221; per a mares i pares, com ara classes dirigides de zumba, total body o ioga.<\/li>\n\n\n\n<li>L&#8217;organitzaci\u00f3 d&#8217;escapades a la neu, aconseguint descomptes de grup.<\/li>\n\n\n\n<li>La subvenci\u00f3 d&#8217;activitats esportives i l\u00fadiques realitzades per l&#8217;escola.<\/li>\n<\/ul>\n\n\n\n<div style=\"clear:both\"\/>\n\n\n\n<p class=\"has-medium-font-size\"><strong>Xerrades per a mares i pares<\/strong><\/p>\n\n\n\n<figure class=\"wp-block-image size-full is-resized\"><a href=\"https:\/\/www.ampateclasala.cat\/wp-content\/uploads\/2025\/06\/xerrada.png\"><img loading=\"lazy\" decoding=\"async\" width=\"198\" height=\"250\" src=\"https:\/\/www.ampateclasala.cat\/wp-content\/uploads\/2025\/06\/xerrada.png\" alt=\"\" class=\"wp-image-1677\" style=\"width:auto;height:200px\"\/><\/a><\/figure>\n\n\n\n<p>Promovem xerrades i confer\u00e8ncies relacionades amb l\u2019educaci\u00f3, i tamb\u00e9 tallers per a les fam\u00edlies, per intentar donar resposta als molts dubtes que genera l\u2019ofici de ser pares i mares.<\/p>\n\n\n\n<p>Es tracten temes com la gesti\u00f3 emocional, l&#8217;\u00fas de dispositius m\u00f2bils&#8230;<\/p>\n\n\n\n<div style=\"clear:both\"\/>\n\n\n\n<p class=\"has-medium-font-size\"><strong>Cultura<\/strong><\/p>\n\n\n\n<figure class=\"wp-block-image size-full is-resized\"><a href=\"https:\/\/www.ampateclasala.cat\/wp-content\/uploads\/2025\/06\/concert.jpg\"><img loading=\"lazy\" decoding=\"async\" width=\"198\" height=\"250\" src=\"https:\/\/www.ampateclasala.cat\/wp-content\/uploads\/2025\/06\/concert.jpg\" alt=\"\" class=\"wp-image-1678\" style=\"width:auto;height:200px\"\/><\/a><\/figure>\n\n\n\n<p>Facilitem l&#8217;acc\u00e9s a la cultura, aconseguint descomptes en l&#8217;entrada a obres de teatre, concerts i altres espectacles, organitzant sortides (culturals)&#8230;<\/p>\n\n\n\n<p>Tamb\u00e9 subvencionem diferents sortides culturals i de lleure organitzades per l&#8217;escola, i donem suport a la companyia teatral Tecla Sala.<\/p>\n\n\n\n<div style=\"clear:both\"\/>\n\n\n\n<p class=\"has-medium-font-size\"><strong>Concursos i tallers<\/strong><\/p>\n\n\n\n<figure class=\"wp-block-image size-full is-resized\"><a href=\"https:\/\/www.ampateclasala.cat\/wp-content\/uploads\/2025\/06\/plastica.png\"><img loading=\"lazy\" decoding=\"async\" width=\"199\" height=\"250\" src=\"https:\/\/www.ampateclasala.cat\/wp-content\/uploads\/2025\/06\/plastica.png\" alt=\"\" class=\"wp-image-1680\" style=\"width:auto;height:200px\"\/><\/a><\/figure>\n\n\n\n<p>Potenciem la creativitat i desenvolupament dels nois i noies, i tamb\u00e9 de les seves fam\u00edlies, a trav\u00e9s de concursos de fotografia i dibuix, de tallers de pl\u00e0stica i de cuina&#8230;<\/p>\n\n\n\n<div style=\"clear:both\"\/>\n\n\n\n<p class=\"has-medium-font-size\"><strong>Solid\u00e0ries<\/strong><\/p>\n\n\n\n<figure class=\"wp-block-image size-full is-resized\"><img loading=\"lazy\" decoding=\"async\" width=\"198\" height=\"250\" src=\"https:\/\/www.ampateclasala.cat\/wp-content\/uploads\/2025\/06\/fes-te-voluntari-formulari.jpg\" alt=\"\" class=\"wp-image-1681\" style=\"width:auto;height:200px\"\/><figcaption class=\"wp-element-caption\">Imatge de la Fundaci\u00f3<br><a href=\"https:\/\/www.bancdelsaliments.org\/\">Banc dels Aliments<\/a><\/figcaption><\/figure>\n\n\n\n<p>Participem en activitats solid\u00e0ries com el gran recapte.<\/p>\n\n\n\n<p><\/p>\n","protected":false},"excerpt":{"rendered":"<p>L&#8217;AFA organitza i financia diverses activitats. Festes tradicionals Donem suport a les festes tradicionals que se celebren durant l&#8217;any: Festes pr\u00f2pies a l&#8217;escola Impulsem la relaci\u00f3 entre fam\u00edlies, qu\u00e8 repercuteix en un millor ambient educatiu, m\u00e9s inclusiu i solidari: Esports<\/p>\n","protected":false},"author":1,"featured_media":0,"parent":1688,"menu_order":0,"comment_status":"closed","ping_status":"closed","template":"","meta":{"jetpack_post_was_ever_published":false,"footnotes":""},"class_list":["post-1606","page","type-page","status-publish","hentry"],"jetpack_sharing_enabled":true,"jetpack_shortlink":"https:\/\/wp.me\/P7VfUe-pU","_links":{"self":[{"href":"https:\/\/www.ampateclasala.cat\/index.php\/wp-json\/wp\/v2\/pages\/1606","targetHints":{"allow":["GET"]}}],"collection":[{"href":"https:\/\/www.ampateclasala.cat\/index.php\/wp-json\/wp\/v2\/pages"}],"about":[{"href":"https:\/\/www.ampateclasala.cat\/index.php\/wp-json\/wp\/v2\/types\/page"}],"author":[{"embeddable":true,"href":"https:\/\/www.ampateclasala.cat\/index.php\/wp-json\/wp\/v2\/users\/1"}],"replies":[{"embeddable":true,"href":"https:\/\/www.ampateclasala.cat\/index.php\/wp-json\/wp\/v2\/comments?post=1606"}],"version-history":[{"count":21,"href":"https:\/\/www.ampateclasala.cat\/index.php\/wp-json\/wp\/v2\/pages\/1606\/revisions"}],"predecessor-version":[{"id":1715,"href":"https:\/\/www.ampateclasala.cat\/index.php\/wp-json\/wp\/v2\/pages\/1606\/revisions\/1715"}],"up":[{"embeddable":true,"href":"https:\/\/www.ampateclasala.cat\/index.php\/wp-json\/wp\/v2\/pages\/1688"}],"wp:attachment":[{"href":"https:\/\/www.ampateclasala.cat\/index.php\/wp-json\/wp\/v2\/media?parent=1606"}],"curies":[{"name":"wp","href":"https:\/\/api.w.org\/{rel}","templated":true}]}}