{"id":62,"date":"2015-12-28T14:55:05","date_gmt":"2015-12-28T14:55:05","guid":{"rendered":"http:\/\/www.ampateclasala.cat\/?page_id=62"},"modified":"2025-06-15T09:55:49","modified_gmt":"2025-06-15T07:55:49","slug":"que-es-lampa","status":"publish","type":"page","link":"https:\/\/www.ampateclasala.cat\/index.php\/ampa\/que-es-lampa\/","title":{"rendered":"Sobre l&#8217;AFA"},"content":{"rendered":"<h2>Qu\u00e8 \u00e9s?<\/h2>\n<p>L\u2019Associaci\u00f3 de Fam\u00edlies d&#8217;Alumnes del Col\u00b7legi Tecla Sala (AFA) \u00e9s una organitzaci\u00f3 formada per mares i pares d&#8217;alumnes de l&#8217;escola per col\u00b7laborar amb el centre educatiu i les fam\u00edlies en la millora de tot all\u00f2 que fa refer\u00e8ncia a l&#8217;educaci\u00f3 dels seus fills i filles.<\/p>\n<p>\u00c9s una entitat constitu\u00efda com a associaci\u00f3 sense \u00e0nim de lucre, inscrita en el Registre d\u2019Associacions de la Generalitat, concretament en la Direcci\u00f3 General de Dret i Entitats Jur\u00eddiques amb el n\u00famero 3990 de la Secci\u00f3 1a del Registre de Barcelona.<\/p>\n<h2>Qui en forma part?<\/h2>\n<p>L\u2019AFA est\u00e0 formada per totes les fam\u00edlies que fan l&#8217;aportaci\u00f3 econ\u00f2mica anual.<\/p>\n<p>Addicionalment, l&#8217;AFA s&#8217;organitza a trav\u00e9s d&#8217;una Junta Directiva i de comissions de treball, formades per aquelles mares i pares que volen participar m\u00e9s activament, sempre de forma volunt\u00e0ria i desinteressada.<\/p>\n<p>Una persona de la Junta Directiva de l&#8217;AFA tamb\u00e9 forma part del Consell Escolar (com a representant de les fam\u00edlies d&#8217;alumnes).<\/p>\n<h2>Com funciona?<\/h2>\n<p>Almenys un cop a l&#8217;any se celebra una <strong>assemblea general ordin\u00e0ria<\/strong>, on estan convidades totes les fam\u00edlies de l&#8217;AFA per tractar els pressupostos, comentar les accions dutes a terme per les comissions, atendre suggeriments i preguntes, i escollir c\u00e0rrecs de la Junta Directiva.<\/p>\n<p>La <strong>Junta Directiva<\/strong> es reuneix aproximadament un cop al mes, principalment per organitzar les activitats i resoldre les q\u00fcestions que van sorgint durant el curs.<\/p>\n<p>Les diverses comissions treballen cont\u00ednuament per cobrir les necessitats que es plantegen:<\/p>\n<ul>\n<li><strong>Comissi\u00f3 de menjador<\/strong>: Vetlla per mantenir la millor qualitat al menjador.<\/li>\n<li><strong>Comissi\u00f3 d&#8217;esports i cultura<\/strong>: Promou les activitats dirigides (esportives) i les esquiades populars, aix\u00ed com sortides al teatre i altres activitats culturals, aconseguint-ne descomptes interessants.<\/li>\n<li><strong>Comissi\u00f3 de festes<\/strong>: S\u2019encarrega de bona part de l\u2019organitzaci\u00f3 de les festes tradicionals de l\u2019escola, la gran festa de maig, la xocolatada popular, etc.<\/li>\n<li><strong>Comissi\u00f3 d&#8217;escola de pares<\/strong>: Impulsa xerrades, confer\u00e8ncies i tallers per a fam\u00edlies sobre temes d\u2019inter\u00e8s educatiu, familiar i social.<\/li>\n<li><strong>Comissi\u00f3 de comunicaci\u00f3<\/strong>: S\u2019encarrega de difondre la informaci\u00f3 relacionada amb l\u2019AFA, entre d&#8217;altra que pot ser d&#8217;inter\u00e8s per a les fam\u00edlies, per a que arribi a tothom.<\/li>\n<\/ul>\n","protected":false},"excerpt":{"rendered":"<p>Qu\u00e8 \u00e9s? L\u2019Associaci\u00f3 de Fam\u00edlies d&#8217;Alumnes del Col\u00b7legi Tecla Sala (AFA) \u00e9s una organitzaci\u00f3 formada per mares i pares d&#8217;alumnes de l&#8217;escola per col\u00b7laborar amb el centre educatiu i les fam\u00edlies en la millora de tot all\u00f2 que fa refer\u00e8ncia<\/p>\n","protected":false},"author":1,"featured_media":0,"parent":60,"menu_order":0,"comment_status":"closed","ping_status":"closed","template":"","meta":{"jetpack_post_was_ever_published":false,"footnotes":""},"class_list":["post-62","page","type-page","status-publish","hentry"],"jetpack_sharing_enabled":true,"jetpack_shortlink":"https:\/\/wp.me\/P7VfUe-10","_links":{"self":[{"href":"https:\/\/www.ampateclasala.cat\/index.php\/wp-json\/wp\/v2\/pages\/62","targetHints":{"allow":["GET"]}}],"collection":[{"href":"https:\/\/www.ampateclasala.cat\/index.php\/wp-json\/wp\/v2\/pages"}],"about":[{"href":"https:\/\/www.ampateclasala.cat\/index.php\/wp-json\/wp\/v2\/types\/page"}],"author":[{"embeddable":true,"href":"https:\/\/www.ampateclasala.cat\/index.php\/wp-json\/wp\/v2\/users\/1"}],"replies":[{"embeddable":true,"href":"https:\/\/www.ampateclasala.cat\/index.php\/wp-json\/wp\/v2\/comments?post=62"}],"version-history":[{"count":8,"href":"https:\/\/www.ampateclasala.cat\/index.php\/wp-json\/wp\/v2\/pages\/62\/revisions"}],"predecessor-version":[{"id":1703,"href":"https:\/\/www.ampateclasala.cat\/index.php\/wp-json\/wp\/v2\/pages\/62\/revisions\/1703"}],"up":[{"embeddable":true,"href":"https:\/\/www.ampateclasala.cat\/index.php\/wp-json\/wp\/v2\/pages\/60"}],"wp:attachment":[{"href":"https:\/\/www.ampateclasala.cat\/index.php\/wp-json\/wp\/v2\/media?parent=62"}],"curies":[{"name":"wp","href":"https:\/\/api.w.org\/{rel}","templated":true}]}}